{"id":8342,"date":"2024-10-05T18:24:20","date_gmt":"2024-10-05T21:24:20","guid":{"rendered":"https:\/\/chacaradassuculentas.com.br\/?post_type=product&#038;p=8342"},"modified":"2025-01-18T20:18:43","modified_gmt":"2025-01-18T23:18:43","slug":"adromischus-maculatus-pote-9","status":"publish","type":"product","link":"https:\/\/chacaradassuculentas.com.br\/index.php\/produto\/adromischus-maculatus-pote-9\/","title":{"rendered":"Adromischus Maculatus &#8211; Pote 9"},"content":{"rendered":"<p>As plantas s\u00e3o enviadas sem vaso, com raiz nua, sem haste floral, protegidas com papel macio e jornal. Tenha consci\u00eancia que cada planta \u00e9 \u00fanica e pode haver alguma varia\u00e7\u00e3o no tamanho, formato ou colora\u00e7\u00e3o da planta, com exce\u00e7\u00e3o das plantas \u00fanicas que s\u00e3o exatamente a da foto. O prazo para postagem das plantas \u00e9 de 7 dias \u00fateis ap\u00f3s a confirma\u00e7\u00e3o do pagamento e o prazo do frete \u00e9 uma previs\u00e3o fornecida pela transportadora em dias \u00fateis. O prazo para postagem \u00e9 importante para que as plantas sejam devidamente preparadas, embaladas e enviadas \u00e0s segundas-feiras, evitando que as plantas sofram por ficarem final de semana paradas com a transportadora. As dimens\u00f5es das plantas s\u00e3o apenas para c\u00e1lculo do frete e n\u00e3o s\u00e3o reais. Para saber o tamanho da planta veja as fotos e tamanho do pote.<\/p>\n","protected":false},"excerpt":{"rendered":"<p>A folha \u00e9 muito sens\u00edvel, portanto pode cair durante o transporte. Por\u00e9m isso n\u00e3o significa que a planta estar\u00e1 danificada. O prazo de postagem \u00e9 de 7 dias \u00fateis ap\u00f3s confirma\u00e7\u00e3o do pagamento. O prazo do frete varia de acordo com o CEP. As fotos s\u00e3o de exemplares que est\u00e3o \u00e0 venda (exceto matriz), podendo ter alguma varia\u00e7\u00e3o natural.<\/p>\n","protected":false},"featured_media":9301,"comment_status":"open","ping_status":"closed","template":"","meta":{"_monsterinsights_skip_tracking":false,"_monsterinsights_sitenote_active":false,"_monsterinsights_sitenote_note":"","_monsterinsights_sitenote_category":0},"product_brand":[],"product_cat":[57],"product_tag":[],"class_list":{"0":"post-8342","1":"product","2":"type-product","3":"status-publish","4":"has-post-thumbnail","6":"product_cat-suculentas","8":"first","9":"outofstock","10":"shipping-taxable","11":"purchasable","12":"product-type-simple"},"jetpack_sharing_enabled":true,"jetpack_likes_enabled":false,"_links":{"self":[{"href":"https:\/\/chacaradassuculentas.com.br\/index.php\/wp-json\/wp\/v2\/product\/8342","targetHints":{"allow":["GET"]}}],"collection":[{"href":"https:\/\/chacaradassuculentas.com.br\/index.php\/wp-json\/wp\/v2\/product"}],"about":[{"href":"https:\/\/chacaradassuculentas.com.br\/index.php\/wp-json\/wp\/v2\/types\/product"}],"replies":[{"embeddable":true,"href":"https:\/\/chacaradassuculentas.com.br\/index.php\/wp-json\/wp\/v2\/comments?post=8342"}],"wp:featuredmedia":[{"embeddable":true,"href":"https:\/\/chacaradassuculentas.com.br\/index.php\/wp-json\/wp\/v2\/media\/9301"}],"wp:attachment":[{"href":"https:\/\/chacaradassuculentas.com.br\/index.php\/wp-json\/wp\/v2\/media?parent=8342"}],"wp:term":[{"taxonomy":"product_brand","embeddable":true,"href":"https:\/\/chacaradassuculentas.com.br\/index.php\/wp-json\/wp\/v2\/product_brand?post=8342"},{"taxonomy":"product_cat","embeddable":true,"href":"https:\/\/chacaradassuculentas.com.br\/index.php\/wp-json\/wp\/v2\/product_cat?post=8342"},{"taxonomy":"product_tag","embeddable":true,"href":"https:\/\/chacaradassuculentas.com.br\/index.php\/wp-json\/wp\/v2\/product_tag?post=8342"}],"curies":[{"name":"wp","href":"https:\/\/api.w.org\/{rel}","templated":true}]}}