{"id":4937,"date":"2021-08-04T22:52:24","date_gmt":"2021-08-05T01:52:24","guid":{"rendered":"https:\/\/chacaradassuculentas.com.br\/?post_type=product&#038;p=4937"},"modified":"2025-01-21T18:28:59","modified_gmt":"2025-01-21T21:28:59","slug":"vaso-ceramico-com-ima-cesto-roxo","status":"publish","type":"product","link":"https:\/\/chacaradassuculentas.com.br\/index.php\/produto\/vaso-ceramico-com-ima-cesto-roxo\/","title":{"rendered":"Vaso cer\u00e2mico com Im\u00e3 &#8211; Cesto roxo"},"content":{"rendered":"<p>Vaso de cer\u00e2mica com im\u00e3 para usar em geladeira, pain\u00e9is met\u00e1licos ou outras superf\u00edcies similares.<\/p>\n<ul>\n<li>Usado como cachepot para plantas;<\/li>\n<li>N\u00e3o acompanha planta;<\/li>\n<li>Por ser tratar de pe\u00e7as artesanais pode haver alguma varia\u00e7\u00e3o nos detalhes de pintura e cor dos vasos;<\/li>\n<li>N\u00e3o deve ser usado abrasivos para limpeza da pe\u00e7a;<\/li>\n<li>O prazo para postagem das plantas \u00e9 de 7 dias \u00fateis ap\u00f3s a confirma\u00e7\u00e3o do pagamento e o prazo do frete \u00e9 uma previs\u00e3o fornecida pela transportadora em dias \u00fateis variando de acordo com o CEP.<\/li>\n<\/ul>\n","protected":false},"excerpt":{"rendered":"<p>Vaso de cer\u00e2mica com im\u00e3!<\/p>\n<ul>\n<li>Cachepot usado em geladeiras, pain\u00e9is met\u00e1licos ou outras superf\u00edcies similares;<\/li>\n<li>N\u00e3o acompanha planta;<\/li>\n<li>O prazo de postagem \u00e9 de 7 dias \u00fateis ap\u00f3s confirma\u00e7\u00e3o do pagamento.<\/li>\n<\/ul>\n<p>&nbsp;<\/p>\n","protected":false},"featured_media":9440,"comment_status":"open","ping_status":"closed","template":"","meta":{"_monsterinsights_skip_tracking":false,"_monsterinsights_sitenote_active":false,"_monsterinsights_sitenote_note":"","_monsterinsights_sitenote_category":0},"product_brand":[],"product_cat":[289,58],"product_tag":[295,298,299,20,38,21,56,212,66],"class_list":{"0":"post-4937","1":"product","2":"type-product","3":"status-publish","4":"has-post-thumbnail","6":"product_cat-ceramica","7":"product_cat-vasos","8":"product_tag-cachepot","9":"product_tag-decoracao","10":"product_tag-decorativo","11":"product_tag-planta","12":"product_tag-plantas","13":"product_tag-suculenta","14":"product_tag-suculentas","15":"product_tag-vaso","16":"product_tag-vasos","18":"first","19":"instock","20":"shipping-taxable","21":"purchasable","22":"product-type-simple"},"jetpack_sharing_enabled":true,"jetpack_likes_enabled":false,"_links":{"self":[{"href":"https:\/\/chacaradassuculentas.com.br\/index.php\/wp-json\/wp\/v2\/product\/4937","targetHints":{"allow":["GET"]}}],"collection":[{"href":"https:\/\/chacaradassuculentas.com.br\/index.php\/wp-json\/wp\/v2\/product"}],"about":[{"href":"https:\/\/chacaradassuculentas.com.br\/index.php\/wp-json\/wp\/v2\/types\/product"}],"replies":[{"embeddable":true,"href":"https:\/\/chacaradassuculentas.com.br\/index.php\/wp-json\/wp\/v2\/comments?post=4937"}],"wp:featuredmedia":[{"embeddable":true,"href":"https:\/\/chacaradassuculentas.com.br\/index.php\/wp-json\/wp\/v2\/media\/9440"}],"wp:attachment":[{"href":"https:\/\/chacaradassuculentas.com.br\/index.php\/wp-json\/wp\/v2\/media?parent=4937"}],"wp:term":[{"taxonomy":"product_brand","embeddable":true,"href":"https:\/\/chacaradassuculentas.com.br\/index.php\/wp-json\/wp\/v2\/product_brand?post=4937"},{"taxonomy":"product_cat","embeddable":true,"href":"https:\/\/chacaradassuculentas.com.br\/index.php\/wp-json\/wp\/v2\/product_cat?post=4937"},{"taxonomy":"product_tag","embeddable":true,"href":"https:\/\/chacaradassuculentas.com.br\/index.php\/wp-json\/wp\/v2\/product_tag?post=4937"}],"curies":[{"name":"wp","href":"https:\/\/api.w.org\/{rel}","templated":true}]}}