{"id":4574,"date":"2021-06-23T16:40:47","date_gmt":"2021-06-23T19:40:47","guid":{"rendered":"https:\/\/chacaradassuculentas.com.br\/?post_type=product&#038;p=4574"},"modified":"2025-01-26T17:01:35","modified_gmt":"2025-01-26T20:01:35","slug":"vaso-ceramico-preguica-suspenso-grande","status":"publish","type":"product","link":"https:\/\/chacaradassuculentas.com.br\/index.php\/produto\/vaso-ceramico-preguica-suspenso-grande\/","title":{"rendered":"Vaso Cer\u00e2mico Pregui\u00e7a Suspenso Grande"},"content":{"rendered":"<p>Cachepot ideal para decorar junto com suas plantas.<\/p>\n<ul>\n<li>N\u00e3o acompanha planta;<\/li>\n<li>Por ser tratar de pe\u00e7as artesanais pode haver alguma varia\u00e7\u00e3o nos detalhes de pintura e cor dos vasos;<\/li>\n<li>N\u00e3o deve ser usado abrasivos para limpeza da pe\u00e7a;<\/li>\n<li>O prazo para postagem das plantas \u00e9 de 7 dias \u00fateis ap\u00f3s a confirma\u00e7\u00e3o do pagamento e o prazo do frete \u00e9 uma previs\u00e3o fornecida pela transportadora em dias \u00fateis variando de acordo com o CEP.<\/li>\n<\/ul>\n","protected":false},"excerpt":{"rendered":"<p>Cachepot de cer\u00e2mica ideal para decora\u00e7\u00e3o.<\/p>\n<ul>\n<li>N\u00e3o acompanha planta;<\/li>\n<li>O prazo de postagem \u00e9 de 7 dias \u00fateis ap\u00f3s confirma\u00e7\u00e3o do pagamento.<\/li>\n<\/ul>\n<p>&nbsp;<\/p>\n","protected":false},"featured_media":9546,"comment_status":"open","ping_status":"closed","template":"","meta":{"_monsterinsights_skip_tracking":false,"_monsterinsights_sitenote_active":false,"_monsterinsights_sitenote_note":"","_monsterinsights_sitenote_category":0},"product_brand":[],"product_cat":[289,58],"product_tag":[295,298,299,20,212,66],"class_list":{"0":"post-4574","1":"product","2":"type-product","3":"status-publish","4":"has-post-thumbnail","6":"product_cat-ceramica","7":"product_cat-vasos","8":"product_tag-cachepot","9":"product_tag-decoracao","10":"product_tag-decorativo","11":"product_tag-planta","12":"product_tag-vaso","13":"product_tag-vasos","15":"first","16":"instock","17":"shipping-taxable","18":"purchasable","19":"product-type-variable"},"jetpack_sharing_enabled":true,"jetpack_likes_enabled":false,"_links":{"self":[{"href":"https:\/\/chacaradassuculentas.com.br\/index.php\/wp-json\/wp\/v2\/product\/4574","targetHints":{"allow":["GET"]}}],"collection":[{"href":"https:\/\/chacaradassuculentas.com.br\/index.php\/wp-json\/wp\/v2\/product"}],"about":[{"href":"https:\/\/chacaradassuculentas.com.br\/index.php\/wp-json\/wp\/v2\/types\/product"}],"replies":[{"embeddable":true,"href":"https:\/\/chacaradassuculentas.com.br\/index.php\/wp-json\/wp\/v2\/comments?post=4574"}],"wp:featuredmedia":[{"embeddable":true,"href":"https:\/\/chacaradassuculentas.com.br\/index.php\/wp-json\/wp\/v2\/media\/9546"}],"wp:attachment":[{"href":"https:\/\/chacaradassuculentas.com.br\/index.php\/wp-json\/wp\/v2\/media?parent=4574"}],"wp:term":[{"taxonomy":"product_brand","embeddable":true,"href":"https:\/\/chacaradassuculentas.com.br\/index.php\/wp-json\/wp\/v2\/product_brand?post=4574"},{"taxonomy":"product_cat","embeddable":true,"href":"https:\/\/chacaradassuculentas.com.br\/index.php\/wp-json\/wp\/v2\/product_cat?post=4574"},{"taxonomy":"product_tag","embeddable":true,"href":"https:\/\/chacaradassuculentas.com.br\/index.php\/wp-json\/wp\/v2\/product_tag?post=4574"}],"curies":[{"name":"wp","href":"https:\/\/api.w.org\/{rel}","templated":true}]}}