{"id":4263,"date":"2021-05-19T12:10:17","date_gmt":"2021-05-19T15:10:17","guid":{"rendered":"https:\/\/chacaradassuculentas.com.br\/?post_type=product&#038;p=4263"},"modified":"2021-10-18T22:35:43","modified_gmt":"2021-10-19T01:35:43","slug":"tatu-miniatura","status":"publish","type":"product","link":"https:\/\/chacaradassuculentas.com.br\/index.php\/produto\/tatu-miniatura\/","title":{"rendered":"Tatu Miniatura"},"content":{"rendered":"<p>Miniatura produzida em porcelana com pintura a m\u00e3o. Ideal para terr\u00e1rio e decora\u00e7\u00e3o.<br \/>\nResistente para ficar em contato com solo, umidade e sol.<br \/>\nMedidas aproximadas (altura x largura x profundidade):<br \/>\nPequena: 3 x 6 x 2,5 cm<br \/>\nGrande: 4 x 10 x 5 cm<\/p>\n<p>O prazo para postagem \u00e9 de 7 dias \u00fateis ap\u00f3s a confirma\u00e7\u00e3o do pagamento e o prazo do frete \u00e9 uma previs\u00e3o fornecida pela transportadora em dias \u00fateis. O prazo para postagem segue a programa\u00e7\u00e3o de envio das plantas, sendo feitos sempre \u00e0s segundas-feiras ou ter\u00e7as-feiras.<\/p>\n","protected":false},"excerpt":{"rendered":"<p>Miniatura produzida em porcelana com pintura a m\u00e3o. Ideal para terr\u00e1rio e decora\u00e7\u00e3o.<br \/>\nMedidas aproximadas (altura x largura x profundidade):<br \/>\nPequena: 3 x 6 x 2,5 cm<br \/>\nGrande: 4 x 10 x 5 cm<br \/>\nO prazo de postagem \u00e9 de 7 dias \u00fateis ap\u00f3s confirma\u00e7\u00e3o do pagamento. O prazo do frete varia de acordo com o CEP.<\/p>\n","protected":false},"featured_media":4174,"comment_status":"open","ping_status":"closed","template":"","meta":{"_monsterinsights_skip_tracking":false,"_monsterinsights_sitenote_active":false,"_monsterinsights_sitenote_note":"","_monsterinsights_sitenote_category":0},"product_brand":[],"product_cat":[369],"product_tag":[382,381,247,379,380],"class_list":{"0":"post-4263","1":"product","2":"type-product","3":"status-publish","4":"has-post-thumbnail","6":"product_cat-miniaturas","7":"product_tag-arranjo","8":"product_tag-bacia","9":"product_tag-mini","10":"product_tag-miniatura","11":"product_tag-terrario","13":"first","14":"instock","15":"shipping-taxable","16":"purchasable","17":"product-type-variable"},"jetpack_sharing_enabled":true,"jetpack_likes_enabled":false,"_links":{"self":[{"href":"https:\/\/chacaradassuculentas.com.br\/index.php\/wp-json\/wp\/v2\/product\/4263","targetHints":{"allow":["GET"]}}],"collection":[{"href":"https:\/\/chacaradassuculentas.com.br\/index.php\/wp-json\/wp\/v2\/product"}],"about":[{"href":"https:\/\/chacaradassuculentas.com.br\/index.php\/wp-json\/wp\/v2\/types\/product"}],"replies":[{"embeddable":true,"href":"https:\/\/chacaradassuculentas.com.br\/index.php\/wp-json\/wp\/v2\/comments?post=4263"}],"wp:featuredmedia":[{"embeddable":true,"href":"https:\/\/chacaradassuculentas.com.br\/index.php\/wp-json\/wp\/v2\/media\/4174"}],"wp:attachment":[{"href":"https:\/\/chacaradassuculentas.com.br\/index.php\/wp-json\/wp\/v2\/media?parent=4263"}],"wp:term":[{"taxonomy":"product_brand","embeddable":true,"href":"https:\/\/chacaradassuculentas.com.br\/index.php\/wp-json\/wp\/v2\/product_brand?post=4263"},{"taxonomy":"product_cat","embeddable":true,"href":"https:\/\/chacaradassuculentas.com.br\/index.php\/wp-json\/wp\/v2\/product_cat?post=4263"},{"taxonomy":"product_tag","embeddable":true,"href":"https:\/\/chacaradassuculentas.com.br\/index.php\/wp-json\/wp\/v2\/product_tag?post=4263"}],"curies":[{"name":"wp","href":"https:\/\/api.w.org\/{rel}","templated":true}]}}