{"id":4235,"date":"2021-05-16T22:49:02","date_gmt":"2021-05-17T01:49:02","guid":{"rendered":"https:\/\/chacaradassuculentas.com.br\/?post_type=product&#038;p=4235"},"modified":"2026-01-20T19:39:16","modified_gmt":"2026-01-20T22:39:16","slug":"caneca-ceramica-love-cactus","status":"publish","type":"product","link":"https:\/\/chacaradassuculentas.com.br\/index.php\/produto\/caneca-ceramica-love-cactus\/","title":{"rendered":"Caneca Cer\u00e2mica &#8220;Love cactus&#8221;"},"content":{"rendered":"<p>Caneca de cer\u00e2mica de alta qualidade. Pode ser utilizada no micro-ondas e lava-lou\u00e7as. Para garantir a durabilidade da estampa n\u00e3o utilize materiais abrasivos para limpeza, o ideal \u00e9 lavar com a parte macia da esponja. Confeccionada com cer\u00e2mica branca e impress\u00e3o da arte por sublima\u00e7\u00e3o.<br \/>\nAs canecas tamb\u00e9m podem ser usadas como cachepot, vaso de plantas e porta-objetos. \u00c9 ideal para levar seu amor por cactos e suculentas para outros espa\u00e7os da casa!<\/p>\n<p>O prazo para postagem \u00e9 de 7 dias \u00fateis ap\u00f3s a confirma\u00e7\u00e3o do pagamento e o prazo do frete \u00e9 uma previs\u00e3o fornecida pela transportadora em dias \u00fateis. O prazo para postagem segue a programa\u00e7\u00e3o de envio das plantas, sendo feitos sempre \u00e0s segundas-feiras ou ter\u00e7as-feiras.<\/p>\n","protected":false},"excerpt":{"rendered":"<p>Caneca de cer\u00e2mica de alta qualidade. Pode ser utilizada no micro-ondas e lava-lou\u00e7as.<br \/>\nAs canecas tamb\u00e9m podem ser usadas como cachepot, vaso de plantas e porta-objetos.<\/p>\n<p>O prazo de postagem \u00e9 de 7 dias \u00fateis ap\u00f3s confirma\u00e7\u00e3o do pagamento. O prazo do frete varia de acordo com o CEP.<\/p>\n","protected":false},"featured_media":4186,"comment_status":"open","ping_status":"closed","template":"","meta":{"_monsterinsights_skip_tracking":false,"_monsterinsights_sitenote_active":false,"_monsterinsights_sitenote_note":"","_monsterinsights_sitenote_category":0},"product_brand":[],"product_cat":[372],"product_tag":[96],"class_list":{"0":"post-4235","1":"product","2":"type-product","3":"status-publish","4":"has-post-thumbnail","6":"product_cat-caneca","7":"product_tag-cacto","9":"first","10":"instock","11":"sale","12":"shipping-taxable","13":"purchasable","14":"product-type-simple"},"jetpack_sharing_enabled":true,"jetpack_likes_enabled":false,"_links":{"self":[{"href":"https:\/\/chacaradassuculentas.com.br\/index.php\/wp-json\/wp\/v2\/product\/4235","targetHints":{"allow":["GET"]}}],"collection":[{"href":"https:\/\/chacaradassuculentas.com.br\/index.php\/wp-json\/wp\/v2\/product"}],"about":[{"href":"https:\/\/chacaradassuculentas.com.br\/index.php\/wp-json\/wp\/v2\/types\/product"}],"replies":[{"embeddable":true,"href":"https:\/\/chacaradassuculentas.com.br\/index.php\/wp-json\/wp\/v2\/comments?post=4235"}],"wp:featuredmedia":[{"embeddable":true,"href":"https:\/\/chacaradassuculentas.com.br\/index.php\/wp-json\/wp\/v2\/media\/4186"}],"wp:attachment":[{"href":"https:\/\/chacaradassuculentas.com.br\/index.php\/wp-json\/wp\/v2\/media?parent=4235"}],"wp:term":[{"taxonomy":"product_brand","embeddable":true,"href":"https:\/\/chacaradassuculentas.com.br\/index.php\/wp-json\/wp\/v2\/product_brand?post=4235"},{"taxonomy":"product_cat","embeddable":true,"href":"https:\/\/chacaradassuculentas.com.br\/index.php\/wp-json\/wp\/v2\/product_cat?post=4235"},{"taxonomy":"product_tag","embeddable":true,"href":"https:\/\/chacaradassuculentas.com.br\/index.php\/wp-json\/wp\/v2\/product_tag?post=4235"}],"curies":[{"name":"wp","href":"https:\/\/api.w.org\/{rel}","templated":true}]}}