{"id":95,"date":"2020-07-15T20:44:47","date_gmt":"2020-07-15T23:44:47","guid":{"rendered":"https:\/\/chacaradassuculentas.com.br\/?page_id=95"},"modified":"2020-08-11T15:33:37","modified_gmt":"2020-08-11T18:33:37","slug":"como-comprar","status":"publish","type":"page","link":"https:\/\/chacaradassuculentas.com.br\/index.php\/como-comprar\/","title":{"rendered":"Como comprar"},"content":{"rendered":"<p>[vc_row][vc_column][vc_column_text]1 &#8211; Escolha o produto que deseja e clique em <strong>COMPRAR<\/strong>.<img data-recalc-dims=\"1\" decoding=\"async\" class=\"alignnone size-medium wp-image-1218\" src=\"https:\/\/i0.wp.com\/chacaradassuculentas.com.br\/wp-content\/uploads\/2020\/08\/1-1.jpg?resize=300%2C114&#038;ssl=1\" alt=\"\" width=\"300\" height=\"114\" srcset=\"https:\/\/i0.wp.com\/chacaradassuculentas.com.br\/wp-content\/uploads\/2020\/08\/1-1.jpg?resize=300%2C114&amp;ssl=1 300w, https:\/\/i0.wp.com\/chacaradassuculentas.com.br\/wp-content\/uploads\/2020\/08\/1-1.jpg?w=402&amp;ssl=1 402w\" sizes=\"(max-width: 300px) 100vw, 300px\" \/><\/p>\n<p>&nbsp;<\/p>\n<p>2 &#8211; Alguns produtos t\u00eam diferentes op\u00e7\u00f5es de tamanho, nesses casos clique em <strong>VER OP\u00c7\u00d5ES<\/strong> e selecione a op\u00e7\u00e3o que deseja no campo <strong>TAMANHO<\/strong> e clique em <strong>COMPRAR<\/strong>;<img data-recalc-dims=\"1\" decoding=\"async\" class=\"alignnone size-medium wp-image-1236\" src=\"https:\/\/i0.wp.com\/chacaradassuculentas.com.br\/wp-content\/uploads\/2020\/08\/9.jpg?resize=300%2C122&#038;ssl=1\" alt=\"\" width=\"300\" height=\"122\" srcset=\"https:\/\/i0.wp.com\/chacaradassuculentas.com.br\/wp-content\/uploads\/2020\/08\/9.jpg?resize=300%2C122&amp;ssl=1 300w, https:\/\/i0.wp.com\/chacaradassuculentas.com.br\/wp-content\/uploads\/2020\/08\/9.jpg?w=332&amp;ssl=1 332w\" sizes=\"(max-width: 300px) 100vw, 300px\" \/><\/p>\n<p><img data-recalc-dims=\"1\" decoding=\"async\" class=\"alignnone size-full wp-image-1237\" src=\"https:\/\/i0.wp.com\/chacaradassuculentas.com.br\/wp-content\/uploads\/2020\/08\/10.jpg?resize=271%2C136&#038;ssl=1\" alt=\"\" width=\"271\" height=\"136\" \/><\/p>\n<p>&nbsp;<\/p>\n<p>3 &#8211; O produto ser\u00e1 adicionado ao seu carrinho e ficar\u00e1 vis\u00edvel no canto superior direito da p\u00e1gina;<img data-recalc-dims=\"1\" decoding=\"async\" class=\"alignnone size-full wp-image-1219\" src=\"https:\/\/i0.wp.com\/chacaradassuculentas.com.br\/wp-content\/uploads\/2020\/08\/2-1.jpg?resize=237%2C301&#038;ssl=1\" alt=\"\" width=\"237\" height=\"301\" \/><\/p>\n<p>&nbsp;<\/p>\n<p>4 &#8211; Digite o CEP de entrega para calcular o frete na p\u00e1gina do produto;<\/p>\n<p><img data-recalc-dims=\"1\" decoding=\"async\" class=\"alignnone size-medium wp-image-1225\" src=\"https:\/\/i0.wp.com\/chacaradassuculentas.com.br\/wp-content\/uploads\/2020\/08\/3-1.jpg?resize=300%2C171&#038;ssl=1\" alt=\"\" width=\"300\" height=\"171\" srcset=\"https:\/\/i0.wp.com\/chacaradassuculentas.com.br\/wp-content\/uploads\/2020\/08\/3-1.jpg?resize=300%2C171&amp;ssl=1 300w, https:\/\/i0.wp.com\/chacaradassuculentas.com.br\/wp-content\/uploads\/2020\/08\/3-1.jpg?w=394&amp;ssl=1 394w\" sizes=\"(max-width: 300px) 100vw, 300px\" \/><\/p>\n<p>&nbsp;<\/p>\n<p>5 &#8211; Caso queira continuar comprando \u00e9 s\u00f3 voltar e seguir os mesmos passos para comprar outros produtos;<\/p>\n<p>&nbsp;<\/p>\n<p>6 &#8211; Ap\u00f3s escolhido todos os produtos, clique no \u00edcone do carrinho no canto superior direito e em <strong>FINALIZAR COMPRA<\/strong>;<\/p>\n<p><img data-recalc-dims=\"1\" decoding=\"async\" class=\"alignnone size-full wp-image-1221\" src=\"https:\/\/i0.wp.com\/chacaradassuculentas.com.br\/wp-content\/uploads\/2020\/08\/4.jpg?resize=234%2C160&#038;ssl=1\" alt=\"\" width=\"234\" height=\"160\" \/><\/p>\n<p>&nbsp;<\/p>\n<p>7 &#8211; Confira os produtos;<img data-recalc-dims=\"1\" decoding=\"async\" class=\"alignnone size-medium wp-image-1230\" src=\"https:\/\/i0.wp.com\/chacaradassuculentas.com.br\/wp-content\/uploads\/2020\/08\/5.jpg?resize=300%2C142&#038;ssl=1\" alt=\"\" width=\"300\" height=\"142\" srcset=\"https:\/\/i0.wp.com\/chacaradassuculentas.com.br\/wp-content\/uploads\/2020\/08\/5.jpg?resize=300%2C142&amp;ssl=1 300w, https:\/\/i0.wp.com\/chacaradassuculentas.com.br\/wp-content\/uploads\/2020\/08\/5.jpg?resize=416%2C197&amp;ssl=1 416w, https:\/\/i0.wp.com\/chacaradassuculentas.com.br\/wp-content\/uploads\/2020\/08\/5.jpg?w=429&amp;ssl=1 429w\" sizes=\"(max-width: 300px) 100vw, 300px\" \/><\/p>\n<p>&nbsp;<\/p>\n<p>8 &#8211; Confira\/digite o CEP e clique em CONCLUIR COMPRA;<img data-recalc-dims=\"1\" decoding=\"async\" class=\"alignnone size-medium wp-image-1227\" src=\"https:\/\/i0.wp.com\/chacaradassuculentas.com.br\/wp-content\/uploads\/2020\/08\/6-1.jpg?resize=300%2C204&#038;ssl=1\" alt=\"\" width=\"300\" height=\"204\" srcset=\"https:\/\/i0.wp.com\/chacaradassuculentas.com.br\/wp-content\/uploads\/2020\/08\/6-1.jpg?resize=300%2C204&amp;ssl=1 300w, https:\/\/i0.wp.com\/chacaradassuculentas.com.br\/wp-content\/uploads\/2020\/08\/6-1.jpg?resize=416%2C282&amp;ssl=1 416w, https:\/\/i0.wp.com\/chacaradassuculentas.com.br\/wp-content\/uploads\/2020\/08\/6-1.jpg?w=442&amp;ssl=1 442w\" sizes=\"(max-width: 300px) 100vw, 300px\" \/><\/p>\n<p>&nbsp;<\/p>\n<p>9 &#8211; Preencha o formul\u00e1rio com TODOS os dados solicitados e certifique-se que est\u00e3o corretos. N\u00e3o nos responsabilizamos caso o endere\u00e7o tenha sido informado incorretamente;<\/p>\n<p><img data-recalc-dims=\"1\" decoding=\"async\" class=\"alignnone size-medium wp-image-1228\" src=\"https:\/\/i0.wp.com\/chacaradassuculentas.com.br\/wp-content\/uploads\/2020\/08\/7-1.jpg?resize=300%2C155&#038;ssl=1\" alt=\"\" width=\"300\" height=\"155\" srcset=\"https:\/\/i0.wp.com\/chacaradassuculentas.com.br\/wp-content\/uploads\/2020\/08\/7-1.jpg?resize=300%2C155&amp;ssl=1 300w, https:\/\/i0.wp.com\/chacaradassuculentas.com.br\/wp-content\/uploads\/2020\/08\/7-1.jpg?resize=416%2C215&amp;ssl=1 416w, https:\/\/i0.wp.com\/chacaradassuculentas.com.br\/wp-content\/uploads\/2020\/08\/7-1.jpg?w=543&amp;ssl=1 543w\" sizes=\"(max-width: 300px) 100vw, 300px\" \/><\/p>\n<p>(imagem ilustrativa)<\/p>\n<p>&nbsp;<\/p>\n<p>10 &#8211; Escolha o m\u00e9todo de pagamento e insira os dados.<\/p>\n<p><img data-recalc-dims=\"1\" decoding=\"async\" class=\"alignnone size-medium wp-image-1229\" src=\"https:\/\/i0.wp.com\/chacaradassuculentas.com.br\/wp-content\/uploads\/2020\/08\/8-1.jpg?resize=300%2C188&#038;ssl=1\" alt=\"\" width=\"300\" height=\"188\" srcset=\"https:\/\/i0.wp.com\/chacaradassuculentas.com.br\/wp-content\/uploads\/2020\/08\/8-1.jpg?resize=300%2C188&amp;ssl=1 300w, https:\/\/i0.wp.com\/chacaradassuculentas.com.br\/wp-content\/uploads\/2020\/08\/8-1.jpg?w=402&amp;ssl=1 402w\" sizes=\"(max-width: 300px) 100vw, 300px\" \/>[\/vc_column_text][\/vc_column][\/vc_row]<\/p>\n","protected":false},"excerpt":{"rendered":"<p>[vc_row][vc_column][vc_column_text]1 &#8211; Escolha o produto que deseja e clique em COMPRAR. &nbsp; 2 &#8211; Alguns produtos t\u00eam diferentes op\u00e7\u00f5es de tamanho, nesses casos clique em VER OP\u00c7\u00d5ES e selecione a op\u00e7\u00e3o que deseja no campo TAMANHO e clique em COMPRAR; &nbsp; 3 &#8211; O produto ser\u00e1 adicionado ao seu carrinho e ficar\u00e1 vis\u00edvel no canto [&hellip;]<\/p>\n","protected":false},"author":1,"featured_media":0,"parent":0,"menu_order":0,"comment_status":"closed","ping_status":"closed","template":"","meta":{"_monsterinsights_skip_tracking":false,"_monsterinsights_sitenote_active":false,"_monsterinsights_sitenote_note":"","_monsterinsights_sitenote_category":0,"footnotes":""},"class_list":["post-95","page","type-page","status-publish","hentry"],"jetpack_sharing_enabled":true,"jetpack_likes_enabled":false,"_links":{"self":[{"href":"https:\/\/chacaradassuculentas.com.br\/index.php\/wp-json\/wp\/v2\/pages\/95","targetHints":{"allow":["GET"]}}],"collection":[{"href":"https:\/\/chacaradassuculentas.com.br\/index.php\/wp-json\/wp\/v2\/pages"}],"about":[{"href":"https:\/\/chacaradassuculentas.com.br\/index.php\/wp-json\/wp\/v2\/types\/page"}],"author":[{"embeddable":true,"href":"https:\/\/chacaradassuculentas.com.br\/index.php\/wp-json\/wp\/v2\/users\/1"}],"replies":[{"embeddable":true,"href":"https:\/\/chacaradassuculentas.com.br\/index.php\/wp-json\/wp\/v2\/comments?post=95"}],"version-history":[{"count":9,"href":"https:\/\/chacaradassuculentas.com.br\/index.php\/wp-json\/wp\/v2\/pages\/95\/revisions"}],"predecessor-version":[{"id":1238,"href":"https:\/\/chacaradassuculentas.com.br\/index.php\/wp-json\/wp\/v2\/pages\/95\/revisions\/1238"}],"wp:attachment":[{"href":"https:\/\/chacaradassuculentas.com.br\/index.php\/wp-json\/wp\/v2\/media?parent=95"}],"curies":[{"name":"wp","href":"https:\/\/api.w.org\/{rel}","templated":true}]}}