{"id":82,"date":"2020-07-15T12:15:45","date_gmt":"2020-07-15T15:15:45","guid":{"rendered":"https:\/\/chacaradassuculentas.com.br\/?page_id=82"},"modified":"2020-08-12T18:54:08","modified_gmt":"2020-08-12T21:54:08","slug":"sobre-a-transportadora","status":"publish","type":"page","link":"https:\/\/chacaradassuculentas.com.br\/index.php\/sobre-a-transportadora\/","title":{"rendered":"Sobre a Transportadora"},"content":{"rendered":"<p>[vc_row][vc_column][vc_column_text]<\/p>\n<p style=\"text-align: justify;\">A jadlog \u00e9 uma das maiores empresas de transporte de encomendas do Brasil com uma das melhores estruturas de distribui\u00e7\u00e3o. Por\u00e9m a Jadlog n\u00e3o faz entregas em \u00e1reas rurais.<\/p>\n<p>\u00c9 poss\u00edvel rastrear sua encomenda pelo <a href=\"http:\/\/www.jadlog.com.br\">site da Jadlog<\/a> assim que ela for despachada utilizando seu CPF ou c\u00f3digo de rastreamento.<\/p>\n<h4 style=\"text-align: justify;\">Entenda o rastreamento:<\/h4>\n<p style=\"text-align: justify;\">Remessa criada: A Jadlog recebeu sua encomenda a ser entregue e emitiu um c\u00f3digo de transporte;<\/p>\n<p style=\"text-align: justify;\">Em transfer\u00eancia: significa que sua remessa est\u00e1 indo de um ponto a outro (origem\/destino) que pode ser entre Estados, dependendo de onde o produto ser\u00e1 entregue;<\/p>\n<p style=\"text-align: justify;\">Em rota de entrega: significa que sua remessa deu sa\u00edda da base entregadora e est\u00e1 com o motorista para a realiza\u00e7\u00e3o da entrega em seu endere\u00e7o. Esta etapa pode demorar mais de um dia em casos onde o local de entrega \u00e9 muito distante da base respons\u00e1vel por ela.<\/p>\n<p style=\"text-align: justify;\">A Jadlog efetua 3 tentativas de entrega em datas alternadas.<\/p>\n<p>[\/vc_column_text][\/vc_column][\/vc_row][vc_row][vc_column][vc_message message_box_color=&#8221;warning&#8221; icon_fontawesome=&#8221;fa fa-exclamation-circle&#8221;]IMPORTANTE<\/p>\n<p>As suculentas aguentam bem at\u00e9 5 dias \u00fateis no transporte. Ent\u00e3o fique atento ao prazo do frete! Esteja ciente que para prazos maiores que 5 dias \u00fateis as chances de as plantas chegarem debilitadas \u00e9 grande e n\u00e3o garantimos que cheguem saud\u00e1veis at\u00e9 sua casa. Por isso orientamos que, nesse caso, n\u00e3o fa\u00e7a a compra.[\/vc_message][\/vc_column][\/vc_row]<\/p>\n","protected":false},"excerpt":{"rendered":"<p>[vc_row][vc_column][vc_column_text] A jadlog \u00e9 uma das maiores empresas de transporte de encomendas do Brasil com uma das melhores estruturas de distribui\u00e7\u00e3o. Por\u00e9m a Jadlog n\u00e3o faz entregas em \u00e1reas rurais. \u00c9 poss\u00edvel rastrear sua encomenda pelo site da Jadlog assim que ela for despachada utilizando seu CPF ou c\u00f3digo de rastreamento. Entenda o rastreamento: Remessa [&hellip;]<\/p>\n","protected":false},"author":1,"featured_media":0,"parent":0,"menu_order":0,"comment_status":"closed","ping_status":"closed","template":"","meta":{"_monsterinsights_skip_tracking":false,"_monsterinsights_sitenote_active":false,"_monsterinsights_sitenote_note":"","_monsterinsights_sitenote_category":0,"footnotes":""},"class_list":["post-82","page","type-page","status-publish","hentry"],"jetpack_sharing_enabled":true,"jetpack_likes_enabled":false,"_links":{"self":[{"href":"https:\/\/chacaradassuculentas.com.br\/index.php\/wp-json\/wp\/v2\/pages\/82","targetHints":{"allow":["GET"]}}],"collection":[{"href":"https:\/\/chacaradassuculentas.com.br\/index.php\/wp-json\/wp\/v2\/pages"}],"about":[{"href":"https:\/\/chacaradassuculentas.com.br\/index.php\/wp-json\/wp\/v2\/types\/page"}],"author":[{"embeddable":true,"href":"https:\/\/chacaradassuculentas.com.br\/index.php\/wp-json\/wp\/v2\/users\/1"}],"replies":[{"embeddable":true,"href":"https:\/\/chacaradassuculentas.com.br\/index.php\/wp-json\/wp\/v2\/comments?post=82"}],"version-history":[{"count":5,"href":"https:\/\/chacaradassuculentas.com.br\/index.php\/wp-json\/wp\/v2\/pages\/82\/revisions"}],"predecessor-version":[{"id":1425,"href":"https:\/\/chacaradassuculentas.com.br\/index.php\/wp-json\/wp\/v2\/pages\/82\/revisions\/1425"}],"wp:attachment":[{"href":"https:\/\/chacaradassuculentas.com.br\/index.php\/wp-json\/wp\/v2\/media?parent=82"}],"curies":[{"name":"wp","href":"https:\/\/api.w.org\/{rel}","templated":true}]}}