{"id":70,"date":"2020-07-15T11:43:26","date_gmt":"2020-07-15T14:43:26","guid":{"rendered":"https:\/\/chacaradassuculentas.com.br\/?page_id=70"},"modified":"2021-09-01T14:40:13","modified_gmt":"2021-09-01T17:40:13","slug":"politica-de-envio-e-entrega","status":"publish","type":"page","link":"https:\/\/chacaradassuculentas.com.br\/index.php\/politica-de-envio-e-entrega\/","title":{"rendered":"Pol\u00edtica de Envio e Entrega"},"content":{"rendered":"<p>[vc_row][vc_column][vc_column_text]<\/p>\n<p>Entregamos para os seguintes estados: Alagoas, Bahia, Esp\u00edrito Santo, Mato Grosso, Mato Grosso do Sul, Minas Gerais, Para\u00edba, Pernambuco, Rio de Janeiro, Rio Grande do Norte, S\u00e3o Paulo e Sergipe.<\/p>\n<p><strong>N\u00c3O<\/strong> entregamos em <strong>\u00e1rea rural<\/strong>. Caso more em \u00e1rea considerada rural <strong>n\u00e3o realize a compra<\/strong>, pois n\u00e3o garantimos a entrega e n\u00e3o nos responsabilizamos pelo n\u00e3o recebimento da encomenda.<\/p>\n<p style=\"text-align: justify;\">Os fretes s\u00e3o feitos apenas pela transportadora Jadlog. N\u00e3o enviamos pelos Correios pois n\u00e3o \u00e9 permitido o envio de plantas vivas e a encomenda tem grande chance de ficar retida. A Jadlog n\u00e3o faz entregas em \u00e1reas rurais.<\/p>\n<p style=\"text-align: justify;\">O prazo m\u00e1ximo de postagem do pedido \u00e9 de 7 dias \u00fateis ap\u00f3s o recebimento do pagamento. Esse prazo \u00e9 necess\u00e1rio para que as plantas sejam devidamente preparadas, embaladas e que sejam enviadas \u00e0s segundas ou ter\u00e7as-feiras. Enviamos no in\u00edcio da semana para evitar que as plantas sofram ficando o final de semana paradas com a transportadora.<\/p>\n<p style=\"text-align: justify;\">Ap\u00f3s o prazo de 7 dias \u00fateis para postagem, passa a ser contado o prazo de entrega estimado pela transportadora. Salientamos que o prazo de entrega considera apenas os dias \u00fateis e \u00e9 apenas uma previs\u00e3o, podendo haver varia\u00e7\u00e3o de alguns dias.<\/p>\n<p>As suculentas aguentam bem at\u00e9 5 dias \u00fateis no transporte. Ent\u00e3o fique atento ao prazo do frete! Esteja ciente que para prazos maiores que 5 dias \u00fateis as chances de as plantas chegarem debilitadas \u00e9 grande e n\u00e3o garantimos que cheguem saud\u00e1veis at\u00e9 sua casa. Por isso orientamos que, nesse caso, n\u00e3o fa\u00e7a a compra.<\/p>\n\n<p>A\u00a0 insufici\u00eancia de dados no endere\u00e7o de entrega poder\u00e1 impedir ou dificultar o processo de entrega pela transportadora. O preenchimento insuficiente dos dados de entrega podem trazer resultados ruins na qualidade da planta, sendo que a mesma pode ficar mais tempo em transporte do que o recomendado para uma chegada saud\u00e1vel e ideal. Por isso informamos que \u00e9 de total responsabilidade do cliente preencher e conferir todos os dados inseridos no momento da compra. N\u00e3o nos responsabilizamos por poss\u00edveis danos relacionados a atraso ou n\u00e3o entrega de pedidos preenchidos incorretamente.<\/p>\n<p>[\/vc_column_text][\/vc_column][\/vc_row]<\/p>\n","protected":false},"excerpt":{"rendered":"<p>[vc_row][vc_column][vc_column_text] Entregamos para os seguintes estados: Alagoas, Bahia, Esp\u00edrito Santo, Mato Grosso, Mato Grosso do Sul, Minas Gerais, Para\u00edba, Pernambuco, Rio de Janeiro, Rio Grande do Norte, S\u00e3o Paulo e Sergipe. N\u00c3O entregamos em \u00e1rea rural. Caso more em \u00e1rea considerada rural n\u00e3o realize a compra, pois n\u00e3o garantimos a entrega e n\u00e3o nos responsabilizamos [&hellip;]<\/p>\n","protected":false},"author":1,"featured_media":0,"parent":0,"menu_order":0,"comment_status":"closed","ping_status":"closed","template":"","meta":{"_monsterinsights_skip_tracking":false,"_monsterinsights_sitenote_active":false,"_monsterinsights_sitenote_note":"","_monsterinsights_sitenote_category":0,"footnotes":""},"class_list":["post-70","page","type-page","status-publish","hentry"],"jetpack_sharing_enabled":true,"jetpack_likes_enabled":false,"_links":{"self":[{"href":"https:\/\/chacaradassuculentas.com.br\/index.php\/wp-json\/wp\/v2\/pages\/70","targetHints":{"allow":["GET"]}}],"collection":[{"href":"https:\/\/chacaradassuculentas.com.br\/index.php\/wp-json\/wp\/v2\/pages"}],"about":[{"href":"https:\/\/chacaradassuculentas.com.br\/index.php\/wp-json\/wp\/v2\/types\/page"}],"author":[{"embeddable":true,"href":"https:\/\/chacaradassuculentas.com.br\/index.php\/wp-json\/wp\/v2\/users\/1"}],"replies":[{"embeddable":true,"href":"https:\/\/chacaradassuculentas.com.br\/index.php\/wp-json\/wp\/v2\/comments?post=70"}],"version-history":[{"count":10,"href":"https:\/\/chacaradassuculentas.com.br\/index.php\/wp-json\/wp\/v2\/pages\/70\/revisions"}],"predecessor-version":[{"id":5265,"href":"https:\/\/chacaradassuculentas.com.br\/index.php\/wp-json\/wp\/v2\/pages\/70\/revisions\/5265"}],"wp:attachment":[{"href":"https:\/\/chacaradassuculentas.com.br\/index.php\/wp-json\/wp\/v2\/media?parent=70"}],"curies":[{"name":"wp","href":"https:\/\/api.w.org\/{rel}","templated":true}]}}