{"id":6,"date":"2020-07-09T17:54:39","date_gmt":"2020-07-09T20:54:39","guid":{"rendered":"https:\/\/chacaradassuculentas.com.br\/index.php\/carrinho\/"},"modified":"2025-12-01T10:18:23","modified_gmt":"2025-12-01T13:18:23","slug":"carrinho","status":"publish","type":"page","link":"https:\/\/chacaradassuculentas.com.br\/index.php\/carrinho\/","title":{"rendered":"Carrinho"},"content":{"rendered":"\n<p><mark style=\"background-color:rgba(0, 0, 0, 0)\" class=\"has-inline-color has-luminous-vivid-orange-color\">Ol\u00e1! Informamos que estamos de recesso e pausamos as vendas entre os dias 01\/12\/2025 e 04\/01\/2026. Enquanto isso, sinta-se a vontade para navegar e conhecer nossos produtos. A partir do dia 04\/\/01\/2026 o site estar\u00e1 dispon\u00edvel para voc\u00ea efetuar novas compras. Agradecemos sua compreens\u00e3o e desejamos boas festas!<\/mark><\/p>\n\n\n<p>Os pedidos s\u00e3o postados somente \u00e0s <strong>segundas<\/strong> e <strong>ter\u00e7as-feiras.<\/strong>\u00a0 <\/p>\n<p>Aten\u00e7\u00e3o! Ao realizar uma compra em nosso site voc\u00ea concorda com a <a href=\"https:\/\/chacaradassuculentas.com.br\/index.php\/politica-de-privacidade\/\" target=\"_blank\" rel=\"noreferrer noopener\">Garantia de Qualidade<\/a> da(s) planta(s) para fretes at\u00e9 05 dias \u00fateis. Se o frete informado para seu endere\u00e7o for maior que 05 dias \u00fateis, esteja ciente que a chance da planta chegar debilitada \u00e9 grande.<\/p>\n\n\n\n\n\n<p><\/p>\n","protected":false},"excerpt":{"rendered":"<p>Ol\u00e1! Informamos que estamos de recesso e pausamos as vendas entre os dias 01\/12\/2025 e 04\/01\/2026. Enquanto isso, sinta-se a vontade para navegar e conhecer nossos produtos. A partir do dia 04\/\/01\/2026 o site estar\u00e1 dispon\u00edvel para voc\u00ea efetuar novas compras. Agradecemos sua compreens\u00e3o e desejamos boas festas! Os pedidos s\u00e3o postados somente \u00e0s segundas [&hellip;]<\/p>\n","protected":false},"author":1,"featured_media":0,"parent":0,"menu_order":0,"comment_status":"closed","ping_status":"closed","template":"","meta":{"_monsterinsights_skip_tracking":false,"_monsterinsights_sitenote_active":false,"_monsterinsights_sitenote_note":"","_monsterinsights_sitenote_category":0,"footnotes":""},"class_list":["post-6","page","type-page","status-publish","hentry"],"jetpack_sharing_enabled":true,"jetpack_likes_enabled":false,"_links":{"self":[{"href":"https:\/\/chacaradassuculentas.com.br\/index.php\/wp-json\/wp\/v2\/pages\/6","targetHints":{"allow":["GET"]}}],"collection":[{"href":"https:\/\/chacaradassuculentas.com.br\/index.php\/wp-json\/wp\/v2\/pages"}],"about":[{"href":"https:\/\/chacaradassuculentas.com.br\/index.php\/wp-json\/wp\/v2\/types\/page"}],"author":[{"embeddable":true,"href":"https:\/\/chacaradassuculentas.com.br\/index.php\/wp-json\/wp\/v2\/users\/1"}],"replies":[{"embeddable":true,"href":"https:\/\/chacaradassuculentas.com.br\/index.php\/wp-json\/wp\/v2\/comments?post=6"}],"version-history":[{"count":10,"href":"https:\/\/chacaradassuculentas.com.br\/index.php\/wp-json\/wp\/v2\/pages\/6\/revisions"}],"predecessor-version":[{"id":10266,"href":"https:\/\/chacaradassuculentas.com.br\/index.php\/wp-json\/wp\/v2\/pages\/6\/revisions\/10266"}],"wp:attachment":[{"href":"https:\/\/chacaradassuculentas.com.br\/index.php\/wp-json\/wp\/v2\/media?parent=6"}],"curies":[{"name":"wp","href":"https:\/\/api.w.org\/{rel}","templated":true}]}}