{"id":3,"date":"2020-07-09T17:41:36","date_gmt":"2020-07-09T20:41:36","guid":{"rendered":"https:\/\/chacaradassuculentas.com.br\/?page_id=3"},"modified":"2021-04-01T22:20:24","modified_gmt":"2021-04-02T01:20:24","slug":"politica-de-privacidade","status":"publish","type":"page","link":"https:\/\/chacaradassuculentas.com.br\/index.php\/politica-de-privacidade\/","title":{"rendered":"Pol\u00edtica de Privacidade"},"content":{"rendered":"<p>[vc_row][vc_column][vc_column_text]<\/p>\r\n<p>TERMOS E CONDI\u00c7\u00d5ES DE USO<\/p>\r\n<p>A <strong>Ch\u00e1cara das Suculentas<\/strong> por meio destes termos, estipula o uso dos servi\u00e7os oferecidos no site e disp\u00f5e sobre suas condi\u00e7\u00f5es gerais aplic\u00e1veis \u00e0 utiliza\u00e7\u00e3o dos produtos e servi\u00e7os dispon\u00edveis. Ao acessar e\/ou se cadastrar em nosso site, voc\u00ea automaticamente concorda com nossos <strong>Termos e Condi\u00e7\u00f5es de Uso<\/strong>. Leia atentamente as informa\u00e7\u00f5es abaixo e caso tenha qualquer d\u00favida, entre em contato com a nossa central de atendimento, atrav\u00e9s de nossa p\u00e1gina de atendimentos <a href=\"mailto:contato@chacaradassuculentas.com.br\">contato@chacaradassuculentas.com.br<\/a>.<\/p>\r\n<p>Entregamos apenas para os seguintes estados: Alagoas, Bahia, Esp\u00edrito Santo, Mato Grosso, Mato Grosso do Sul, Minas Gerais, Para\u00edba, Pernambuco, Rio de Janeiro, Rio Grande do Norte, S\u00e3o Paulo e Sergipe.<\/p>\r\n<p><strong>N\u00c3O<\/strong> entregamos em <strong>\u00e1rea rural<\/strong>. Caso more em \u00e1rea considerada rural <strong>n\u00e3o realize a compra<\/strong>, pois n\u00e3o garantimos a entrega e n\u00e3o nos responsabilizamos pelo n\u00e3o recebimento da encomenda.<\/p>\r\n<h5>\u00a0<\/h5>\r\n<p>CADASTRO<\/p>\r\n<p>Para comprar em nossa loja online e utilizar os servi\u00e7os oferecidos pela <strong>Ch\u00e1cara das Suculentas<\/strong>, voc\u00ea deve preencher um cadastro no qual somente ser\u00e1 confirmado ap\u00f3s o preenchimento de todos os campos. Voc\u00ea dever\u00e1 completar o formul\u00e1rio apenas com informa\u00e7\u00f5es verdadeiras, assumindo o compromisso de atualizar seus dados pessoais sempre que houver alguma altera\u00e7\u00e3o.<\/p>\r\n<p>O cadastro em nosso site \u00e9 totalmente gratuito.<\/p>\r\n<p>A <strong>Ch\u00e1cara das Suculentas<\/strong> reserva-se o direito de, \u00e0 sua discri\u00e7\u00e3o, recusar o servi\u00e7o, encerrar contas, remover ou editar conte\u00fado e cancelar pedidos.<\/p>\r\n<p>&nbsp;<\/p>\r\n<p>LOGIN E SENHA<\/p>\r\n<p>Voc\u00ea escolher\u00e1 um login (conta de e-mail) e senha, os quais ser\u00e3o utilizados toda vez que pretenda utilizar os servi\u00e7os ofertados pela <strong>Ch\u00e1cara das Suculentas<\/strong>.<\/p>\r\n<p>A senha de acesso \u00e9 de sua exclusiva responsabilidade e deve ser mantida em seguran\u00e7a. A <strong>Ch\u00e1cara das Suculentas<\/strong> n\u00e3o se responsabiliza pelo seu uso indevido, cabendo aos clientes a guarda e o sigilo da mesma.<\/p>\r\n<p>Se voc\u00ea esqueceu sua senha e est\u00e1 tendo dificuldades para criar uma nova, entre em contato com\u00a0<a href=\"mailto:contato@chacaradassuculentas.com.br\">contato@chacaradassuculentas.com.br<\/a>\u00a0para que possamos ajudar.<\/p>\r\n<p>&nbsp;<\/p>\r\n<p>POL\u00cdTICA DE ENVIO E ENTREGA<\/p>\r\n<p>Entregamos apenas para os seguintes estados: Alagoas, Bahia, Esp\u00edrito Santo, Mato Grosso, Mato Grosso do Sul, Minas Gerais, Para\u00edba, Pernambuco, Rio de Janeiro, Rio Grande do Norte, S\u00e3o Paulo e Sergipe.<\/p>\r\n<p><strong>N\u00c3O<\/strong> entregamos em <strong>\u00e1rea rural<\/strong>. Caso more em \u00e1rea considerada rural <strong>n\u00e3o realize a compra<\/strong>, pois n\u00e3o garantimos a entrega e n\u00e3o nos responsabilizamos pelo n\u00e3o recebimento da encomenda.<\/p>\r\n<p>Os fretes s\u00e3o feitos apenas pela transportadora Jadlog. N\u00e3o enviamos pelos Correios pois n\u00e3o \u00e9 permitido o envio de plantas vivas e a encomenda tem grande chance de ficar retida. <strong>A Jadlog n\u00e3o faz entregas em \u00e1reas rurais.<\/strong><\/p>\r\n<p><strong>O prazo m\u00e1ximo de postagem<\/strong> do pedido \u00e9 de<strong> 7 dias \u00fateis<\/strong> ap\u00f3s o recebimento do pagamento. Esse prazo \u00e9 necess\u00e1rio para que as plantas sejam devidamente preparadas, embaladas e que sejam enviadas \u00e0s segundas ou ter\u00e7as-feiras. Enviamos no in\u00edcio da semana para evitar que as plantas sofram ficando o final de semana paradas com a transportadora.<\/p>\r\n<p>Ap\u00f3s o prazo de 7 dias \u00fateis para postagem, passa a ser contado o prazo de entrega estimado pela transportadora. Salientamos que o prazo de entrega considera apenas os dias \u00fateis e \u00e9 apenas uma previs\u00e3o, podendo haver varia\u00e7\u00e3o de alguns dias.<\/p>\r\n<p>As suculentas aguentam bem at\u00e9 5 dias \u00fateis no transporte. Ent\u00e3o fique atento ao prazo do frete! Esteja ciente que para prazos maiores que 5 dias \u00fateis as chances de as plantas chegarem debilitadas \u00e9 grande e n\u00e3o garantimos que cheguem saud\u00e1veis at\u00e9 sua casa. Por isso orientamos que, nesse caso, n\u00e3o fa\u00e7a a compra.<\/p>\r\n<p>&nbsp;<\/p>\r\n<p>POL\u00cdTICA DE TROCA<\/p>\r\n<p style=\"text-align: justify;\">Garantimos o fornecimento de plantas de qualidade e saud\u00e1veis, al\u00e9m de tomar todos os cuidados para embal\u00e1-las de forma que sofram o m\u00ednimo poss\u00edvel com o transporte.<\/p>\r\n<p style=\"text-align: justify;\">Apesar disso, \u00e9 normal que as plantas cheguem um pouco murchas, amareladas ou que percam algumas folhas devido ao transporte, mas com os devidos cuidados elas se recuperam em poucos dias. Algumas suculentas individuais podem chegar com pouca quantidade de raiz ou no caso das col\u00f4nias e cristatas algumas ra\u00edzes\/filhos podem se desprender da raiz\/planta m\u00e3e. Nesses casos n\u00e3o efetuamos trocas pois consideramos que o cliente esteja ciente de que as plantas s\u00e3o produtos extremamente delicados e sens\u00edveis, sendo inevit\u00e1vel que sejam afetadas com o tempo de transporte.<\/p>\r\n<p>Por\u00e9m, caso haja um grande atraso no frete e elas cheguem extremamente debilitadas, assim que as receber, voc\u00ea deve fazer um v\u00eddeo mostrando claramente as plantas e nos enviar atrav\u00e9s do\u00a0e-mail <a href=\"mailto:contato@chacaradassuculentas.com.br\">contato@chacaradassuculentas.com.br <\/a>o mais r\u00e1pido poss\u00edvel. Nossa equipe analisar\u00e1 o v\u00eddeo e entrar\u00e1 em contato em at\u00e9 2 dias para orientar sobre os cuidados para tentar recuperar a planta. Se, mesmo seguindo as orienta\u00e7\u00f5es de cuidados, a planta n\u00e3o resistir, enviaremos outro exemplar da mesma esp\u00e9cie, caso tenha dispon\u00edvel. Ou, caso este esteja esgotado, voc\u00ea poder\u00e1 escolher outra planta no mesmo valor, ou ainda solicitar a devolu\u00e7\u00e3o do valor em conta banc\u00e1ria.<\/p>\r\n<p>Em caso de arrependimento de compra, voc\u00ea tem o prazo de 7 (sete) dias, a contar do recebimento do produto, para desistir de sua compra.<\/p>\r\n<p>Como trabalhamos com produtos perec\u00edveis, esperamos que voc\u00ea leve isso em CONSIDERA\u00c7\u00c3O e nos devolva o mais r\u00e1pido poss\u00edvel. Nesse caso, voc\u00ea dever\u00e1 devolver o produto em boas condi\u00e7\u00f5es. As mudas dever\u00e3o estar na embalagem original e devem ser devolvidas da mesma forma em que chegaram para voc\u00ea.<\/p>\r\n<p>Todas as solicita\u00e7\u00f5es referentes aos pedidos e cancelamentos devem ser realizadas pelo e-mail: <a href=\"mailto:contato@chacaradassuculentas.com.br\" target=\"_blank\" rel=\"noopener noreferrer\">contato@chacaradassuculentas.com.br<\/a><\/p>\r\n<p>Como as plantas s\u00e3o produtos perec\u00edveis, \u00e9 invi\u00e1vel fazer devolu\u00e7\u00e3o por motivo de gosto, expectativa ou arrependimento, uma vez que a planta n\u00e3o resistiria at\u00e9 chegar a n\u00f3s. Por isso pedimos que tenha certeza que aquele \u00e9 o produto desejado antes de finalizar a compra. Colocamos fotos reais dos exemplares que est\u00e3o \u00e0 venda e tentamos manter o mesmo padr\u00e3o de tamanho das plantas enviadas, sendo o mais fiel poss\u00edvel \u00e0s imagens divulgadas.<\/p>\r\n<p>&nbsp;<\/p>\r\n<p>PRIVACIDADE E SEGURAN\u00c7A<\/p>\r\n<p>A seguran\u00e7a e a privacidade do cliente s\u00e3o compromissos da <strong>Ch\u00e1cara das Suculentas<\/strong>. Possu\u00edmos diversas tecnologias dispon\u00edveis para garantir um processo seguro e confi\u00e1vel em todas as etapas de sua compra em nosso site.<\/p>\r\n<p>Como parte de nossos procedimentos de prote\u00e7\u00e3o \u00e0 fraude ou outros tipos de atividades n\u00e3o autorizadas, nossa equipe de atendimento ao cliente poder\u00e1 entrar em contato para confirmar o seu pedido e solicitar documentos para comprova\u00e7\u00e3o da titularidade do propriet\u00e1rio do cart\u00e3o. Nos reservamos o direito de cancelar uma compra, devido \u00e0 suspeita de fraude, ou ante a resist\u00eancia do cliente ao envio dos dados solicitados, algum ato il\u00edcito, atividade ilegal ou de m\u00e1 f\u00e9.<\/p>\r\n<p><strong>Importante:<\/strong> Nenhum funcion\u00e1rio e\/ou representante est\u00e1 autorizado para entrar em contato em nome da <strong>Ch\u00e1cara das Suculentas<\/strong> e solicitar seus dados de seguran\u00e7a do cart\u00e3o de credito ou debito, como parte do processo de verifica\u00e7\u00e3o antifraude. Se tem d\u00favida\u00a0entre em contato com\u00a0<a href=\"mailto:contato@chacaradassuculentas.com.br\">contato@chacaradassuculentas.com.br<\/a>\u00a0\u00a0para possamos ajudar.<\/p>\r\n<p>&nbsp;<\/p>\r\n<p>COMUNICA\u00c7\u00c3O<\/p>\r\n<p>Ao se cadastrar em nosso site, voc\u00ea automaticamente concorda em receber mensagens de e-mail ou mensagens em outros tipos de formatos, referentes a promo\u00e7\u00f5es, novidades e servi\u00e7o de e-mails de acompanhamento autom\u00e1tico com um convite para enviar uma avalia\u00e7\u00e3o. Caso n\u00e3o deseje mais receber essas mensagens, poder\u00e1 cancelar o recebimento clicando no link de cancelamento enviado ao final de todos os nossos e-mails.<\/p>\r\n<p>Caso tenha qualquer d\u00favida, entre em contato com a nossa equipe, atrav\u00e9s de nossa central de atendimento\u00a0<a href=\"mailto:contato@chacaradassuculentas.com.br\">contato@chacaradassuculentas.com.br<\/a>.<\/p>\r\n<p>&nbsp;<\/p>\r\n<p>DIREITOS AUTORAIS<\/p>\r\n<p>Todo o site, juntamente com seus produtos, designs, layout, fotos, textos e outros conte\u00fados s\u00e3o de propriedade da <strong>Ch\u00e1cara das Suculentas<\/strong>.<\/p>\r\n<p>\u00c9 estritamente proibido:<br \/>Copiar, distribuir ou divulgar qualquer material de nosso site, produtos e\/ou servi\u00e7os por qualquer meio, caso excepcional voc\u00ea tenha autoriza\u00e7\u00e3o para us\u00e1-lo;<br \/>Divulgar spam, correntes, ou outras formas de e-mail n\u00e3o solicitadas e n\u00e3o autorizada pela <strong>Ch\u00e1cara das Suculentas<\/strong>;<br \/>Tentar interferir ou comprometer a integridade ou seguran\u00e7a de qualquer parte de nossas opera\u00e7\u00f5es on-line;<br \/>Realizar fraudes ou ocultar a sua identidade;<br \/>Incluir o nome &#8220;<strong>Ch\u00e1cara das Suculentas<\/strong>&#8221; em qualquer material, nome de dom\u00ednio ou endere\u00e7o eletr\u00f4nico com qualquer finalidade, desde que n\u00e3o autorizado previamente por nossa equipe.<\/p>\r\n<p>&nbsp;<\/p>\r\n<p>DESCRI\u00c7\u00d5ES DOS PRODUTOS<\/p>\r\n<p>As descri\u00e7\u00f5es dos produtos disponibilizados no site s\u00e3o elaboradas da maneira mais completa poss\u00edvel. Por\u00e9m, na eventualidade da ocorr\u00eancia de algum equ\u00edvoco e, se o produto comprado n\u00e3o corresponder \u00e0 descri\u00e7\u00e3o fornecida, solicitamos que entre em contato com nossa central de atendimento\u00a0<a href=\"mailto:contato@chacaradassuculentas.com.br\">contato@chacaradassuculentas.com.br<\/a>.<\/p>\r\n<p>Todos os produtos possuem imagens reais, tiradas e editadas pelo nosso fotografo profissional, onde voc\u00ea pode ter uma ideia do tamanho, dimens\u00e3o ou de composi\u00e7\u00e3o da sua utiliza\u00e7\u00e3o. Assim mesmo pode ler as especifica\u00e7\u00f5es e dimens\u00f5es do produto para maior esclarecimento.<\/p>\r\n<p>As imagens dos produtos podem sofrer varia\u00e7\u00f5es de cores em raz\u00e3o das configura\u00e7\u00f5es do monitor de cada usu\u00e1rio.<\/p>\r\n<p>Na d\u00favida quanto \u00e0 descri\u00e7\u00e3o ou imagem de algum produto, entre em contato conosco.<\/p>\r\n<p>A <strong>Ch\u00e1cara das Suculentas<\/strong> se reserva o direito de corrigir a qualquer momento eventual erros de texto, descri\u00e7\u00e3o e fotos dos produtos em nosso site.<\/p>\r\n<p>&nbsp;<\/p>\r\n<p>PRAZO DE ENTREGA<\/p>\r\n<p>Aten\u00e7\u00e3o! Garantimos a qualidade da planta para fretes at\u00e9 05 dias \u00fateis! Se o frete informado para seu endere\u00e7o for maior que 05 dias \u00fateis, esteja ciente que as chances da planta chegar debilitada \u00e9 grande.<\/p>\r\n<p>Entregamos apenas para os seguintes estados: Alagoas, Bahia, Esp\u00edrito Santo, Mato Grosso, Mato Grosso do Sul, Minas Gerais, Para\u00edba, Pernambuco, Rio de Janeiro, Rio Grande do Norte, S\u00e3o Paulo e Sergipe.<\/p>\r\n<p><strong>N\u00c3O<\/strong> entregamos em <strong>\u00e1rea rural<\/strong>. Caso more em \u00e1rea considerada rural <strong>n\u00e3o realize a compra<\/strong>, pois n\u00e3o garantimos a entrega e n\u00e3o nos responsabilizamos pelo n\u00e3o recebimento da encomenda.<\/p>\r\n<p>&nbsp;<\/p>\r\n<p>GARANTIA DE QUALIDADE<\/p>\r\n<p>Aten\u00e7\u00e3o ao prazo do frete! Ao finalizar uma compra em nosso site voc\u00ea concorda com a garantia de qualidade da(s) planta(s) para fretes at\u00e9 05 dias \u00fateis. As suculentas aguentam bem at\u00e9 05 dias \u00fateis no transporte. Esteja ciente que para prazos de frete maiores que 05 dias \u00fateis a chance das plantas chegarem debilitadas \u00e9 grande e n\u00e3o garantimos que cheguem at\u00e9 sua casa com qualidade. Por isso orientamos que, nesse caso, n\u00e3o fa\u00e7a a compra.<\/p>\r\n<p style=\"text-align: justify;\">Garantimos o fornecimento de plantas de qualidade e saud\u00e1veis, al\u00e9m de tomar todos os cuidados para embal\u00e1-las de forma que sofram o m\u00ednimo poss\u00edvel com o transporte.<\/p>\r\n<p style=\"text-align: justify;\">Apesar disso, \u00e9 normal que as plantas cheguem um pouco murchas, amareladas ou que percam algumas folhas devido ao transporte, mas com os devidos cuidados elas se recuperam em poucos dias. Algumas suculentas individuais podem chegar com pouca quantidade de raiz ou no caso das col\u00f4nias e cristatas algumas ra\u00edzes\/filhos podem se desprender da raiz\/planta m\u00e3e. Nesses casos n\u00e3o efetuamos trocas pois consideramos que o cliente esteja ciente de que as plantas s\u00e3o produtos extremamente delicados e sens\u00edveis, sendo inevit\u00e1vel que sejam afetadas com o tempo de transporte.<\/p>\r\n<p>&nbsp;<\/p>\r\n<p>PRE\u00c7OS E ESTOQUES<\/p>\r\n<p>A <strong>Ch\u00e1cara das Suculentas<\/strong> trabalha com venda de produtos com estoque limitado, portanto todas as promo\u00e7\u00f5es e divulga\u00e7\u00f5es est\u00e3o sujeitas \u00e0 disponibilidade de estoque.<\/p>\r\n<p>As informa\u00e7\u00f5es, pre\u00e7os e descontos estabelecidos no site est\u00e3o sujeitos a altera\u00e7\u00f5es sem aviso pr\u00e9vio.<\/p>\r\n<p>A <strong>Ch\u00e1cara das Suculentas<\/strong> se reserva o direito de corrigir eventuais erros causados ao divulgar pre\u00e7os dos nossos produtos e n\u00e3o se compromete a vender o produto pelo pre\u00e7o ofertado.<\/p>\r\n<p>Nossos vouchers e cupons de desconto n\u00e3o s\u00e3o cumulativos, permitindo ao cliente o uso de 1 (um) cupom\/voucher por compra.<br \/>A <strong>Ch\u00e1cara das Suculentas<\/strong> se reserva no direito de em alguns casos disponibilizar apenas 1 (um) uso de cupom por CPF.<\/p>\r\n<p>No momento de usar um voucher e\/ou cupom de desconto assegure-se de ter usado e aplicado o cupom para garantir seu desconto ou brinde.<\/p>\r\n<p>A inclus\u00e3o de um produto no &#8220;carrinho&#8221; n\u00e3o garante sua reserva. O produto somente estar\u00e1 reservado ao cliente ap\u00f3s a finaliza\u00e7\u00e3o do pedido e aprova\u00e7\u00e3o pela operadora de cart\u00e3o. A inclus\u00e3o de um produto no &#8220;carrinho&#8221; n\u00e3o garante seu pre\u00e7o. Em caso de varia\u00e7\u00e3o, prevalecer\u00e1 o pre\u00e7o vigente na &#8220;finaliza\u00e7\u00e3o&#8221; da compra.<\/p>\r\n<p>&nbsp;<\/p>\r\n<p>FORMAS DE PAGAMENTO<\/p>\r\n<p>Ao cadastrar-se no site\u00a0<a href=\"http:\/\/www.chacaradassuculentas.com.br\">www.chacaradassuculentas.com.br<\/a>\u00a0\u00a0voc\u00ea concorda com os pre\u00e7os e condi\u00e7\u00f5es de pagamento e que os mesmos est\u00e3o sujeitos a altera\u00e7\u00f5es. O pagamento pode ser efetuado por meio de cart\u00e3o de cr\u00e9dito, cart\u00e3o de debito ou boleto banc\u00e1rio (atrav\u00e9s do interveniente pagador).<\/p>\r\n<p>Para efetuar o pagamento por meio de cart\u00e3o de cr\u00e9dito \u00e9 necess\u00e1rio inserir as informa\u00e7\u00f5es do cart\u00e3o no site para completar a transa\u00e7\u00e3o (para obter detalhes sobre prote\u00e7\u00e3o dos dados pessoais, por favor, consulte a nossa\u00a0(<strong>Pol\u00edtica de Privacidade e Seguran\u00e7a <\/strong>acima). Todas as informa\u00e7\u00f5es pessoais s\u00e3o estritamente confidenciais e ser\u00e3o utilizadas apenas para concluir a sua compra.<\/p>\r\n<p>Caso tenha alguma d\u00favida sobre cobran\u00e7as inv\u00e1lidas ou n\u00e3o autorizadas, entre em contato com nossa central de atendimento\u00a0<a href=\"mailto:contato@chacaradassuculentas.com.br\">contato@chacaradassuculentas.com.br<\/a>.<\/p>\r\n<p>&nbsp;<\/p>\r\n<!-- \/wp:post-content -->\r\n<p><!-- wp:heading {\"level\":3} -->COMENT\u00c1RIOS<\/p>\r\n<!-- \/wp:heading -->\r\n<p><!-- wp:paragraph -->Quando os visitantes deixam coment\u00e1rios no site, coletamos os dados mostrados no formul\u00e1rio de coment\u00e1rios, al\u00e9m do endere\u00e7o de IP e de dados do navegador do visitante, para auxiliar na detec\u00e7\u00e3o de spam.<\/p>\r\n<!-- \/wp:paragraph -->\r\n<p><!-- wp:paragraph -->Uma sequ\u00eancia anonimizada de caracteres criada a partir do seu e-mail (tamb\u00e9m chamada de hash) poder\u00e1 ser enviada para o Gravatar para verificar se voc\u00ea usa o servi\u00e7o. A pol\u00edtica de privacidade do Gravatar est\u00e1 dispon\u00edvel aqui: https:\/\/automattic.com\/privacy\/. Depois da aprova\u00e7\u00e3o do seu coment\u00e1rio, a foto do seu perfil fica vis\u00edvel publicamente junto de seu coment\u00e1rio.<\/p>\r\n<p>&nbsp;<\/p>\r\n<!-- \/wp:paragraph -->\r\n\r\n<!-- wp:heading {\"level\":3} \/-->\r\n<p><!-- wp:heading {\"level\":3} -->COOKIES<\/p>\r\n<!-- \/wp:heading -->\r\n<p><!-- wp:paragraph -->Ao deixar um coment\u00e1rio no site, voc\u00ea poder\u00e1 optar por salvar seu nome, e-mail e site nos cookies. Isso visa seu conforto, assim voc\u00ea n\u00e3o precisar\u00e1 preencher seus dados novamente quando fizer outro coment\u00e1rio. Estes cookies duram um ano.<\/p>\r\n<!-- \/wp:paragraph -->\r\n<p><!-- wp:paragraph -->Se voc\u00ea tem uma conta e acessa este site, um cookie tempor\u00e1rio ser\u00e1 criado para determinar se seu navegador aceita cookies. Ele n\u00e3o cont\u00e9m nenhum dado pessoal e ser\u00e1 descartado quando voc\u00ea fechar seu navegador.<\/p>\r\n<!-- \/wp:paragraph -->\r\n<p><!-- wp:paragraph -->Quando voc\u00ea acessa sua conta no site, tamb\u00e9m criamos v\u00e1rios cookies para salvar os dados da sua conta e suas escolhas de exibi\u00e7\u00e3o de tela. Cookies de login s\u00e3o mantidos por dois dias e cookies de op\u00e7\u00f5es de tela por um ano. Se voc\u00ea selecionar &#8220;Lembrar-me&#8221;, seu acesso ser\u00e1 mantido por duas semanas. Se voc\u00ea se desconectar da sua conta, os cookies de login ser\u00e3o removidos.<\/p>\r\n<!-- \/wp:paragraph -->\r\n<p><!-- wp:paragraph -->Se voc\u00ea editar ou publicar um artigo, um cookie adicional ser\u00e1 salvo no seu navegador. Este cookie n\u00e3o inclui nenhum dado pessoal e simplesmente indica o ID do post referente ao artigo que voc\u00ea acabou de editar. Ele expira depois de 1 dia.<\/p>\r\n<!-- \/wp:paragraph -->\r\n\r\n<!-- wp:heading {\"level\":3} -->\r\n<p><!-- wp:paragraph \/-->\u00a0<\/p>\r\n<p>[\/vc_column_text][\/vc_column][\/vc_row]<\/p>","protected":false},"excerpt":{"rendered":"<p>[vc_row][vc_column][vc_column_text] TERMOS E CONDI\u00c7\u00d5ES DE USO A Ch\u00e1cara das Suculentas por meio destes termos, estipula o uso dos servi\u00e7os oferecidos no site e disp\u00f5e sobre suas condi\u00e7\u00f5es gerais aplic\u00e1veis \u00e0 utiliza\u00e7\u00e3o dos produtos e servi\u00e7os dispon\u00edveis. Ao acessar e\/ou se cadastrar em nosso site, voc\u00ea automaticamente concorda com nossos Termos e Condi\u00e7\u00f5es de Uso. Leia [&hellip;]<\/p>\n","protected":false},"author":1,"featured_media":0,"parent":0,"menu_order":0,"comment_status":"closed","ping_status":"closed","template":"","meta":{"_monsterinsights_skip_tracking":false,"_monsterinsights_sitenote_active":false,"_monsterinsights_sitenote_note":"","_monsterinsights_sitenote_category":0,"footnotes":""},"class_list":["post-3","page","type-page","status-publish","hentry"],"jetpack_sharing_enabled":true,"jetpack_likes_enabled":false,"_links":{"self":[{"href":"https:\/\/chacaradassuculentas.com.br\/index.php\/wp-json\/wp\/v2\/pages\/3","targetHints":{"allow":["GET"]}}],"collection":[{"href":"https:\/\/chacaradassuculentas.com.br\/index.php\/wp-json\/wp\/v2\/pages"}],"about":[{"href":"https:\/\/chacaradassuculentas.com.br\/index.php\/wp-json\/wp\/v2\/types\/page"}],"author":[{"embeddable":true,"href":"https:\/\/chacaradassuculentas.com.br\/index.php\/wp-json\/wp\/v2\/users\/1"}],"replies":[{"embeddable":true,"href":"https:\/\/chacaradassuculentas.com.br\/index.php\/wp-json\/wp\/v2\/comments?post=3"}],"version-history":[{"count":12,"href":"https:\/\/chacaradassuculentas.com.br\/index.php\/wp-json\/wp\/v2\/pages\/3\/revisions"}],"predecessor-version":[{"id":3736,"href":"https:\/\/chacaradassuculentas.com.br\/index.php\/wp-json\/wp\/v2\/pages\/3\/revisions\/3736"}],"wp:attachment":[{"href":"https:\/\/chacaradassuculentas.com.br\/index.php\/wp-json\/wp\/v2\/media?parent=3"}],"curies":[{"name":"wp","href":"https:\/\/api.w.org\/{rel}","templated":true}]}}